{"id":4294,"date":"2024-03-22T13:45:00","date_gmt":"2024-03-22T12:45:00","guid":{"rendered":"https:\/\/nujetheoriehalen.nl\/gizlilik-politikasi"},"modified":"2025-06-03T15:45:40","modified_gmt":"2025-06-03T13:45:40","slug":"gizlilik-politikasi","status":"publish","type":"page","link":"https:\/\/nujetheoriehalen.nl\/tr\/gizlilik-politikasi","title":{"rendered":"Gizlilik Politikas\u0131"},"content":{"rendered":"\t\t<div data-elementor-type=\"wp-page\" data-elementor-id=\"4294\" class=\"elementor elementor-4294 elementor-3\" data-elementor-post-type=\"page\">\n\t\t\t\t<div class=\"elementor-element elementor-element-56f0c37 e-flex e-con-boxed e-con e-parent\" data-id=\"56f0c37\" data-element_type=\"container\" data-e-type=\"container\">\n\t\t\t\t\t<div class=\"e-con-inner\">\n\t\t\t\t<div class=\"elementor-element elementor-element-77f5217 elementor-widget elementor-widget-heading\" data-id=\"77f5217\" data-element_type=\"widget\" data-e-type=\"widget\" data-widget_type=\"heading.default\">\n\t\t\t\t\t<h1 class=\"elementor-heading-title elementor-size-default\">Gizlilik Politikas\u0131<\/h1>\t\t\t\t<\/div>\n\t\t\t\t\t<\/div>\n\t\t\t\t<\/div>\n\t\t<div class=\"elementor-element elementor-element-1b69d62 e-flex e-con-boxed e-con e-parent\" data-id=\"1b69d62\" data-element_type=\"container\" data-e-type=\"container\">\n\t\t\t\t\t<div class=\"e-con-inner\">\n\t\t<div class=\"elementor-element elementor-element-cb9edf5 e-con-full e-flex elementor-invisible e-con e-child\" data-id=\"cb9edf5\" data-element_type=\"container\" data-e-type=\"container\" data-settings=\"{&quot;background_background&quot;:&quot;classic&quot;,&quot;animation&quot;:&quot;fadeInUp&quot;}\">\n\t\t\t\t<div class=\"elementor-element elementor-element-b4683ec elementor-widget elementor-widget-text-editor\" data-id=\"b4683ec\" data-element_type=\"widget\" data-e-type=\"widget\" data-widget_type=\"text-editor.default\">\n\t\t\t\t\t\t\t\t\t<p data-pm-slice=\"1 1 []\"><strong>VekaBest VerkeersEducatie B.V. Gizlilik Politikas\u0131<\/strong><\/p>\n<p>Bu, Best \u015fehrinde yer alan VekaBest VerkeersEducatie B.V.\u2019nin gizlilik politikas\u0131d\u0131r. Nujetheoriehalen, VekaBest VerkeersEducatie B.V.\u2019nin ticari ad\u0131d\u0131r. Bu gizlilik politikas\u0131nda, sundu\u011fumuz hizmetler kapsam\u0131nda i\u015flenen ki\u015fisel verilerin nas\u0131l i\u015flendi\u011fini a\u00e7\u0131kl\u0131yoruz.<\/p>\n<p>Bu belgede hangi ki\u015fisel verileri toplad\u0131\u011f\u0131m\u0131z\u0131, neden toplad\u0131\u011f\u0131m\u0131z\u0131 ve bu verilerle ne yapt\u0131\u011f\u0131m\u0131z\u0131 bildiriyoruz. Bilgilerinizin \u00f6zenle ele al\u0131nmas\u0131 bizim i\u00e7in \u00f6nemlidir ve bize sa\u011flad\u0131\u011f\u0131n\u0131z ki\u015fisel bilgilerin gizli tutulmas\u0131n\u0131 sa\u011fl\u0131yoruz. Ki\u015fisel verileri i\u015flerken dikkatli ve g\u00fcvenli bir \u015fekilde hareket ediyoruz. Yeni geli\u015fmeler bu durumu gerektirirse, bu gizlilik politikas\u0131 de\u011fi\u015ftirilebilir. Her zaman en g\u00fcncel versiyonu bulabilirsiniz. Bu gizlilik beyan\u0131, 2022 versiyonu olup, son olarak 8 A\u011fustos 2022 tarihinde g\u00fcncellenmi\u015ftir.<\/p>\n<p><strong>Veri Sorumlusu<\/strong><br \/>VekaBest VerkeersEducatie B.V., Best \u015fehrinde faaliyet g\u00f6stermekte olup, Nujetheoriehalen ad\u0131 alt\u0131nda hareket etmektedir ve Genel Veri Koruma Y\u00f6netmeli\u011fi (GDPR\/AVG) uyar\u0131nca ki\u015fisel verilerinizin i\u015flenmesinden sorumludur.<\/p>\n<p>Hizmetlerimizi kullanarak bu gizlilik politikas\u0131n\u0131 kabul etmi\u015f olursunuz. Bu gizlilik politikas\u0131n\u0131 kabul ederek, ki\u015fisel verilerinizin burada a\u00e7\u0131klanan \u015fekilde i\u015flenmesine izin vermi\u015f olursunuz.<\/p>\n<p><strong>(Ki\u015fisel) Verilerin Toplanmas\u0131 ve Kullan\u0131lmas\u0131<\/strong><\/p>\n<p>Ki\u015fisel veriler, s\u0131nav e\u011fitimi, ileri e\u011fitim ve e-\u00f6\u011frenme i\u00e7in \u00e7evrimi\u00e7i olarak \u00f6\u011frenmenizi sa\u011flamak amac\u0131yla i\u015flenmektedir. Ayr\u0131ca sipari\u015flerin al\u0131nmas\u0131 ve teslimat\u0131 i\u00e7in de i\u015flenmektedir.<\/p>\n<p>A\u015fa\u011f\u0131daki verileri i\u015flemekteyiz:<\/p>\n<ol data-spread=\"false\">\n<li>Ad ve soyad, do\u011fum tarihi, adres bilgileri, telefon numaras\u0131 ve e-posta adresi, \u00f6deme bilgileri.<\/li>\n<li>Kay\u0131t i\u00e7in kullan\u0131c\u0131 ad\u0131, \u015fifre ve e-posta adresi.<\/li>\n<li>Web sitesinin kullan\u0131m\u0131na dair veriler; \u00e7erezler ve Google Analytics kullan\u0131larak toplanan bilgiler.<\/li>\n<\/ol>\n<p><strong>Veri \u0130\u015fleme Ama\u00e7lar\u0131m\u0131z<\/strong><\/p>\n<ol data-spread=\"false\">\n<li>\u00d6\u011frenme ortam\u0131na giri\u015f yapabilmenizi sa\u011flamak.<\/li>\n<li>Web ma\u011fazam\u0131zdan sipari\u015f verip \u00f6deme yapabilmeniz ve \u00fcr\u00fcnlerin belirtti\u011finiz adrese g\u00f6nderilebilmesi.<\/li>\n<li>Sizinle ileti\u015fim kurmak ve sorular\u0131n\u0131z\u0131 yan\u0131tlamak.<\/li>\n<li>Sipari\u015fleri takip edebilmek, sorulara yan\u0131t verebilmek, iade i\u015flemlerini ger\u00e7ekle\u015ftirmek ve sipari\u015fi i\u015flemek.<\/li>\n<li>Faturalama, m\u00fc\u015fteri talepleri ve \u015fik\u00e2yetlerinin y\u00f6netimi ile hizmet sunumunun ger\u00e7ekle\u015ftirilmesi amac\u0131yla m\u00fc\u015fteri veri taban\u0131 ve muhasebe sistemimize kaydetmek.<\/li>\n<li>Teknik olarak hizmetin sunulmas\u0131n\u0131 sa\u011flamak.<\/li>\n<li>Sizinle yap\u0131lan s\u00f6zle\u015fmenin yerine getirilmesi.<\/li>\n<li>Hizmetlerimizi geli\u015ftirmek ve iyile\u015ftirmek.<\/li>\n<li>M\u00fc\u015fteri ihtiya\u00e7lar\u0131na g\u00f6re hizmetlerimizi geli\u015ftirebilmek i\u00e7in toplam ziyaret\u00e7i say\u0131s\u0131, ziyaret davran\u0131\u015flar\u0131 ve demografik kal\u0131plar gibi istatistiksel verileri izlemek.<\/li>\n<li>Teknik sorunlar\u0131 te\u015fhis etmek veya \u00e7\u00f6zmek.<\/li>\n<li>Web sitesi ve hizmetlerimizin g\u00fcvenli\u011fini sa\u011flamak; doland\u0131r\u0131c\u0131l\u0131k ve k\u00f6t\u00fcye kullan\u0131m\u0131n \u00f6n\u00fcne ge\u00e7mek.<\/li>\n<li>Sunucular\u0131m\u0131z, ziyaret edilen sayfalar, IP adresi, taray\u0131c\u0131 tipi, giri\u015f\/\u00e7\u0131k\u0131\u015f URL\u2019leri, t\u0131klama say\u0131s\u0131, a\u00e7\u0131l\u0131\u015f sayfalar\u0131 gibi g\u00fcnl\u00fck dosyas\u0131 verilerini otomatik olarak kaydeder.<\/li>\n<li>Ar\u015fivleme ama\u00e7l\u0131.<\/li>\n<li>Hesap do\u011frulamas\u0131, de\u011fi\u015fiklikler, sipari\u015fler veya web sitesinin yeni i\u015flevleri hakk\u0131nda e-posta g\u00f6ndermek.<\/li>\n<li>Haber b\u00fclteni veya pazar ara\u015ft\u0131rmas\u0131 i\u00e7in kaydolabilirsiniz. Her b\u00fcltende abonelikten \u00e7\u0131kabilirsiniz. Pazar ara\u015ft\u0131rmas\u0131nda verilerinizin ne ama\u00e7la kullan\u0131laca\u011f\u0131 belirtilir.<\/li>\n<\/ol>\n<p><strong>Hukuki Dayanaklar<\/strong><\/p>\n<p>Ki\u015fisel verileri i\u015fleme dayanaklar\u0131m\u0131z:<\/p>\n<ol data-spread=\"false\">\n<li>A\u00e7\u0131k r\u0131zan\u0131z.<\/li>\n<li>S\u00f6zle\u015fmenin ifas\u0131.<\/li>\n<li>Yasal y\u00fck\u00fcml\u00fcl\u00fck.<\/li>\n<\/ol>\n<p>Ki\u015fisel verileri do\u011frudan sizden al\u0131yoruz. Ayn\u0131 zamanda \u00fc\u00e7\u00fcnc\u00fc taraflardan da veriler alabiliriz. Bu \u00fc\u00e7\u00fcnc\u00fc taraflar\u0131n, verileri yasal dayanaklara dayanarak i\u015flemesini ve bize aktarmas\u0131n\u0131 bekliyoruz.<\/p>\n<p><strong>\u00dc\u00e7\u00fcnc\u00fc Taraflarla Payla\u015f\u0131m<\/strong><\/p>\n<p>Ki\u015fisel verilerinizi izniniz olmadan \u00fc\u00e7\u00fcnc\u00fc taraflara satm\u0131yor veya kiralam\u0131yoruz.<\/p>\n<p>Veri i\u015fleme s\u00fcrecinde \u00fc\u00e7\u00fcnc\u00fc taraf hizmet sa\u011flay\u0131c\u0131lar\u0131 (\u00f6rne\u011fin lojistik firmalar\u0131) kullanabiliriz. Bu taraflarla ki\u015fisel verilerle ilgili s\u00f6zle\u015fmeler yapm\u0131\u015f bulunmaktay\u0131z ve\/veya bu taraflar\u0131n kendi gizlilik \u015fartlar\u0131 bulunmaktad\u0131r. Sipari\u015f etti\u011finiz \u00fcr\u00fcnlerin ta\u015f\u0131nmas\u0131n\u0131 sa\u011flayan kargo firmalar\u0131 buna \u00f6rnektir. Yaln\u0131zca yasal bir zorunluluk durumunda, sizin izninizle veya hizmet sunumunun gerektirdi\u011fi durumlarda verileri \u00fc\u00e7\u00fcnc\u00fc taraflarla payla\u015f\u0131r\u0131z.<\/p>\n<p><strong>\u00c7ocuklar\u0131n Gizlili\u011fi<\/strong><\/p>\n<p>16 ya\u015f\u0131ndan k\u00fc\u00e7\u00fck \u00e7ocuklar\u0131n ebeveyn veya vasilerinden izin almalar\u0131 gerekmektedir.<\/p>\n<p>\u0130zin olmadan 16 ya\u015f alt\u0131 \u00e7ocuklar hizmetlerimizi kullanamazlar.<\/p>\n<p>16 ya\u015f alt\u0131ndaki \u00e7ocuklar i\u00e7in, ebeveyn ya da yasal temsilcinin bu gizlilik politikas\u0131n\u0131 okumas\u0131 ve \u00e7ocu\u011fun haklar\u0131n\u0131 \u00e7ocu\u011fun ad\u0131na kullanmas\u0131 gerekmektedir.<\/p>\n<p>Bir \u00e7ocu\u011fun, ebeveyn izni olmadan sitemizi kulland\u0131\u011f\u0131n\u0131 tespit edersek, ki\u015fisel veriler derhal silinecektir. Hesap olu\u015ftururken do\u011fum tarihi girilmesi zorunludur. Do\u011fum tarihi, asgari ya\u015f ko\u015fulunu kar\u015f\u0131lam\u0131yorsa, devam edilmeden \u00f6nce ebeveyn veya vasiden izin istenir.<\/p>\n<p><strong>G\u00fcvenlik<\/strong><\/p>\n<p>Ki\u015fisel verileri kayba veya yasa d\u0131\u015f\u0131 i\u015flemeye kar\u015f\u0131 korumak i\u00e7in yeterli teknik ve organizasyonel \u00f6nlemler al\u0131yoruz. Bu \u00f6nlemler, mevcut teknolojik geli\u015fmeler ve uygulama maliyetleri dikkate al\u0131narak, i\u015flemeye ba\u011fl\u0131 riskler ve verilerin niteli\u011fine uygun koruma seviyesini sa\u011flar. \u00d6nlemler, gereksiz veri toplama ve i\u015flenmesini \u00f6nlemeye de y\u00f6neliktir. Kullan\u0131c\u0131 ad\u0131 ve \u015fifrenizi gizli tutmaktan siz sorumlusunuz.<\/p>\n<p><strong>\u00c7erezler (Cookies)<\/strong><\/p>\n<p>\u00c7erezlerden faydalan\u0131yoruz. \u00c7erez, bu web sitesindeki sayfalarla birlikte g\u00f6nderilen ve taray\u0131c\u0131n\u0131z taraf\u0131ndan bilgisayar\u0131n\u0131z\u0131n sabit diskine kaydedilen k\u00fc\u00e7\u00fck bir dosyad\u0131r. Ayarlar\u0131n\u0131z\u0131 ve tercihlerinizi hat\u0131rlamak i\u00e7in \u00e7erez kullan\u0131yoruz. Taray\u0131c\u0131n\u0131z \u00fczerinden \u00e7erezleri devre d\u0131\u015f\u0131 b\u0131rakabilirsiniz. Bu veriler, bireysel ziyaret\u00e7ilerin tan\u0131mlanmas\u0131na olanak vermez.<\/p>\n<p><strong>Google Analytics<\/strong><\/p>\n<p>Google Analytics sayesinde ziyaret\u00e7i davran\u0131\u015flar\u0131n\u0131 g\u00f6rebiliyoruz. Bu veriler, IP adresiniz dahil olmak \u00fczere, ABD\u2019deki Google sunucular\u0131nda saklan\u0131r. Konuyla ilgili daha fazla bilgiyi Google\u2019\u0131n gizlilik politikas\u0131nda bulabilirsiniz. Bu veriler, bireysel ziyaret\u00e7ileri tan\u0131mlamak i\u00e7in kullan\u0131lmaz.<\/p>\n<p><strong>Verilerin Saklanmas\u0131<\/strong><\/p>\n<p>Verilerinizi yaln\u0131zca yukar\u0131da a\u00e7\u0131klanan ama\u00e7lar do\u011frultusunda gerekli oldu\u011fu s\u00fcrece saklar\u0131z.<\/p>\n<p><strong>\u0130lgili Ki\u015finin Haklar\u0131<\/strong><\/p>\n<p>\u0130ste\u011finiz \u00fczerine, i\u015fledi\u011fimiz ki\u015fisel verilerinizi inceleme hakk\u0131na sahipsiniz. Bilgiler yanl\u0131\u015fsa, bunlar\u0131n d\u00fczeltilmesini talep edebilirsiniz. Ayr\u0131ca verdi\u011finiz izni geri \u00e7ekebilirsiniz. Talebinize m\u00fcmk\u00fcn olan en k\u0131sa s\u00fcrede, en ge\u00e7 30 g\u00fcn i\u00e7inde yan\u0131t verilecektir.<\/p>\n<p>Verilerinizin, bu politika d\u0131\u015f\u0131nda ba\u015fka ama\u00e7larla kullan\u0131lmas\u0131na itiraz etme hakk\u0131n\u0131z vard\u0131r.<\/p>\n<p>Eri\u015fim, d\u00fczeltme, silme veya itiraz taleplerinizi a\u015fa\u011f\u0131daki adrese g\u00f6nderebilirsiniz:<\/p>\n<p>VekaBest VerkeersEducatie B.V.<br \/>Customer Support Dikkatine<br \/>De Dieze 22<br \/>5684 PT Best<br \/>veya e-posta ile: <a>info@nujetheoriehalen.nl<\/a> (Customer Support Dikkatine)<\/p>\n<p><strong>Ki\u015fisel verilerin korunmas\u0131 hakk\u0131nda sorular\u0131n\u0131z m\u0131 var?<\/strong><br \/>Bize 040 &#8211; 2140080 numaral\u0131 telefondan veya <a>info@nujetheoriehalen.nl<\/a> adresinden e-posta yoluyla ula\u015fabilirsiniz.<\/p>\n\t\t\t\t\t\t\t\t<\/div>\n\t\t\t\t<\/div>\n\t\t\t\t\t<\/div>\n\t\t\t\t<\/div>\n\t\t\t\t<\/div>\n\t\t","protected":false},"excerpt":{"rendered":"<p>VekaBest VerkeersEducatie B.V. Gizlilik Politikas\u0131 Bu, Best \u015fehrinde yer alan VekaBest VerkeersEducatie B.V.\u2019nin gizlilik politikas\u0131d\u0131r. Nujetheoriehalen, VekaBest VerkeersEducatie B.V.\u2019nin ticari [&hellip;]<\/p>\n","protected":false},"author":1,"featured_media":0,"parent":0,"menu_order":0,"comment_status":"closed","ping_status":"open","template":"","meta":{"_acf_changed":false,"site-sidebar-layout":"no-sidebar","site-content-layout":"","ast-site-content-layout":"full-width-container","site-content-style":"default","site-sidebar-style":"default","ast-global-header-display":"","ast-banner-title-visibility":"","ast-main-header-display":"","ast-hfb-above-header-display":"","ast-hfb-below-header-display":"","ast-hfb-mobile-header-display":"","site-post-title":"disabled","ast-breadcrumbs-content":"","ast-featured-img":"disabled","footer-sml-layout":"","ast-disable-related-posts":"","theme-transparent-header-meta":"","adv-header-id-meta":"","stick-header-meta":"","header-above-stick-meta":"","header-main-stick-meta":"","header-below-stick-meta":"","astra-migrate-meta-layouts":"default","ast-page-background-enabled":"default","ast-page-background-meta":{"desktop":{"background-color":"var(--ast-global-color-4)","background-image":"","background-repeat":"repeat","background-position":"center center","background-size":"auto","background-attachment":"scroll","background-type":"","background-media":"","overlay-type":"","overlay-color":"","overlay-opacity":"","overlay-gradient":""},"tablet":{"background-color":"","background-image":"","background-repeat":"repeat","background-position":"center center","background-size":"auto","background-attachment":"scroll","background-type":"","background-media":"","overlay-type":"","overlay-color":"","overlay-opacity":"","overlay-gradient":""},"mobile":{"background-color":"","background-image":"","background-repeat":"repeat","background-position":"center center","background-size":"auto","background-attachment":"scroll","background-type":"","background-media":"","overlay-type":"","overlay-color":"","overlay-opacity":"","overlay-gradient":""}},"ast-content-background-meta":{"desktop":{"background-color":"var(--ast-global-color-5)","background-image":"","background-repeat":"repeat","background-position":"center center","background-size":"auto","background-attachment":"scroll","background-type":"","background-media":"","overlay-type":"","overlay-color":"","overlay-opacity":"","overlay-gradient":""},"tablet":{"background-color":"var(--ast-global-color-5)","background-image":"","background-repeat":"repeat","background-position":"center center","background-size":"auto","background-attachment":"scroll","background-type":"","background-media":"","overlay-type":"","overlay-color":"","overlay-opacity":"","overlay-gradient":""},"mobile":{"background-color":"var(--ast-global-color-5)","background-image":"","background-repeat":"repeat","background-position":"center center","background-size":"auto","background-attachment":"scroll","background-type":"","background-media":"","overlay-type":"","overlay-color":"","overlay-opacity":"","overlay-gradient":""}},"footnotes":""},"class_list":["post-4294","page","type-page","status-publish","hentry"],"acf":[],"jetpack_sharing_enabled":true,"_links":{"self":[{"href":"https:\/\/nujetheoriehalen.nl\/tr\/wp-json\/wp\/v2\/pages\/4294","targetHints":{"allow":["GET"]}}],"collection":[{"href":"https:\/\/nujetheoriehalen.nl\/tr\/wp-json\/wp\/v2\/pages"}],"about":[{"href":"https:\/\/nujetheoriehalen.nl\/tr\/wp-json\/wp\/v2\/types\/page"}],"author":[{"embeddable":true,"href":"https:\/\/nujetheoriehalen.nl\/tr\/wp-json\/wp\/v2\/users\/1"}],"replies":[{"embeddable":true,"href":"https:\/\/nujetheoriehalen.nl\/tr\/wp-json\/wp\/v2\/comments?post=4294"}],"version-history":[{"count":1,"href":"https:\/\/nujetheoriehalen.nl\/tr\/wp-json\/wp\/v2\/pages\/4294\/revisions"}],"predecessor-version":[{"id":4295,"href":"https:\/\/nujetheoriehalen.nl\/tr\/wp-json\/wp\/v2\/pages\/4294\/revisions\/4295"}],"wp:attachment":[{"href":"https:\/\/nujetheoriehalen.nl\/tr\/wp-json\/wp\/v2\/media?parent=4294"}],"curies":[{"name":"wp","href":"https:\/\/api.w.org\/{rel}","templated":true}]}}