{"id":4284,"date":"2025-04-07T15:40:54","date_gmt":"2025-04-07T13:40:54","guid":{"rendered":"https:\/\/nujetheoriehalen.nl\/cerez-politikasi"},"modified":"2025-06-03T15:45:40","modified_gmt":"2025-06-03T13:45:40","slug":"cerez-politikasi","status":"publish","type":"page","link":"https:\/\/nujetheoriehalen.nl\/tr\/cerez-politikasi","title":{"rendered":"\u00c7erez politikas\u0131"},"content":{"rendered":"\t\t<div data-elementor-type=\"wp-page\" data-elementor-id=\"4284\" class=\"elementor elementor-4284 elementor-1581\" data-elementor-post-type=\"page\">\n\t\t\t\t<div class=\"elementor-element elementor-element-bbf9736 e-flex e-con-boxed e-con e-parent\" data-id=\"bbf9736\" data-element_type=\"container\" data-e-type=\"container\">\n\t\t\t\t\t<div class=\"e-con-inner\">\n\t\t\t\t<div class=\"elementor-element elementor-element-ad82f27 elementor-widget elementor-widget-heading\" data-id=\"ad82f27\" data-element_type=\"widget\" data-e-type=\"widget\" data-widget_type=\"heading.default\">\n\t\t\t\t\t<h1 class=\"elementor-heading-title elementor-size-default\">\u00c7erez politikas\u0131<\/h1>\t\t\t\t<\/div>\n\t\t\t\t\t<\/div>\n\t\t\t\t<\/div>\n\t\t<div class=\"elementor-element elementor-element-3406e97 e-flex e-con-boxed e-con e-parent\" data-id=\"3406e97\" data-element_type=\"container\" data-e-type=\"container\">\n\t\t\t\t\t<div class=\"e-con-inner\">\n\t\t<div class=\"elementor-element elementor-element-cf41e5b e-con-full e-flex elementor-invisible e-con e-child\" data-id=\"cf41e5b\" data-element_type=\"container\" data-e-type=\"container\" data-settings=\"{&quot;background_background&quot;:&quot;classic&quot;,&quot;animation&quot;:&quot;fadeInUp&quot;}\">\n\t\t\t\t<div class=\"elementor-element elementor-element-30c8c39 elementor-widget elementor-widget-text-editor\" data-id=\"30c8c39\" data-element_type=\"widget\" data-e-type=\"widget\" data-widget_type=\"text-editor.default\">\n\t\t\t\t\t\t\t\t\t<p>Bu web sitesi, deneyiminizi geli\u015ftirmek, web sitesi kullan\u0131m\u0131n\u0131 analiz etmek ve pazarlama \u00e7abalar\u0131m\u0131z\u0131 desteklemek i\u00e7in \u00e7erezleri kullan\u0131r.<\/p>\n<p><strong>\u00c7erezler nedir?<\/strong><\/p>\n<p>\u00c7erezler, web sitelerini ziyaret etti\u011finizde cihaz\u0131n\u0131za yerle\u015ftirilen k\u00fc\u00e7\u00fck metin dosyalar\u0131d\u0131r. Web sitelerinin daha verimli \u00e7al\u0131\u015fmas\u0131n\u0131 sa\u011flamak ve site sahiplerine bilgi sa\u011flamak i\u00e7in yayg\u0131n olarak kullan\u0131l\u0131rlar.<\/p>\n<p><strong>Hangi \u00e7erezleri kullan\u0131yoruz?<\/strong><\/p>\n<p>Farkl\u0131 t\u00fcrde \u00e7erezler kullan\u0131yoruz:<\/p>\n<ul>\n<li><strong>Gerekli \u00e7erezler<\/strong> &#8211; Bunlar web sitesinin \u00e7al\u0131\u015fmas\u0131 i\u00e7in gereklidir.<\/li>\n<li><strong>Tercih \u00e7erezleri<\/strong> &#8211; Bunlar, dil ayarlar\u0131 gibi se\u00e7imlerinizi hat\u0131rlar.<\/li>\n<li><strong>\u0130statistik \u00e7erezleri<\/strong> &#8211; Bunlar, ziyaret\u00e7ilerin web sitesini nas\u0131l kulland\u0131\u011f\u0131n\u0131 anlamam\u0131za yard\u0131mc\u0131 olur.<\/li>\n<li><strong>Pazarlama \u00e7erezleri<\/strong> &#8211; Bunlar ziyaret\u00e7ileri izlemek ve ilgili reklamlar\u0131 g\u00f6stermek i\u00e7in kullan\u0131l\u0131r.<\/li>\n<\/ul>\n<p><strong>\u0130zni y\u00f6netme<\/strong><\/p>\n<p>Sitemizi ilk ziyaretinizde, \u00e7erez kullan\u0131m\u0131na ili\u015fkin tercihlerinizi ayarlaman\u0131z istenecektir. A\u015fa\u011f\u0131daki d\u00fc\u011fmeyi kullanarak izninizi istedi\u011finiz zaman de\u011fi\u015ftirebilir veya geri \u00e7ekebilirsiniz:<\/p>\n<p><strong>Daha fazla bilgi<\/strong><\/p>\n<p>Kim oldu\u011fumuz, bizimle nas\u0131l ileti\u015fime ge\u00e7ebilece\u011finiz ve ki\u015fisel verileri nas\u0131l i\u015fledi\u011fimiz hakk\u0131nda daha fazla bilgi i\u00e7in l\u00fctfen gizlilik politikam\u0131za bak\u0131n.<\/p>\n\t\t\t\t\t\t\t\t<\/div>\n\t\t\t\t<\/div>\n\t\t\t\t\t<\/div>\n\t\t\t\t<\/div>\n\t\t\t\t<\/div>\n\t\t","protected":false},"excerpt":{"rendered":"<p>Bu web sitesi, deneyiminizi geli\u015ftirmek, web sitesi kullan\u0131m\u0131n\u0131 analiz etmek ve pazarlama \u00e7abalar\u0131m\u0131z\u0131 desteklemek i\u00e7in \u00e7erezleri kullan\u0131r. \u00c7erezler nedir? \u00c7erezler, [&hellip;]<\/p>\n","protected":false},"author":5,"featured_media":0,"parent":0,"menu_order":0,"comment_status":"closed","ping_status":"closed","template":"","meta":{"_acf_changed":false,"site-sidebar-layout":"no-sidebar","site-content-layout":"","ast-site-content-layout":"full-width-container","site-content-style":"default","site-sidebar-style":"default","ast-global-header-display":"","ast-banner-title-visibility":"","ast-main-header-display":"","ast-hfb-above-header-display":"","ast-hfb-below-header-display":"","ast-hfb-mobile-header-display":"","site-post-title":"disabled","ast-breadcrumbs-content":"","ast-featured-img":"disabled","footer-sml-layout":"","ast-disable-related-posts":"","theme-transparent-header-meta":"","adv-header-id-meta":"","stick-header-meta":"","header-above-stick-meta":"","header-main-stick-meta":"","header-below-stick-meta":"","astra-migrate-meta-layouts":"default","ast-page-background-enabled":"default","ast-page-background-meta":{"desktop":{"background-color":"var(--ast-global-color-4)","background-image":"","background-repeat":"repeat","background-position":"center center","background-size":"auto","background-attachment":"scroll","background-type":"","background-media":"","overlay-type":"","overlay-color":"","overlay-opacity":"","overlay-gradient":""},"tablet":{"background-color":"","background-image":"","background-repeat":"repeat","background-position":"center center","background-size":"auto","background-attachment":"scroll","background-type":"","background-media":"","overlay-type":"","overlay-color":"","overlay-opacity":"","overlay-gradient":""},"mobile":{"background-color":"","background-image":"","background-repeat":"repeat","background-position":"center center","background-size":"auto","background-attachment":"scroll","background-type":"","background-media":"","overlay-type":"","overlay-color":"","overlay-opacity":"","overlay-gradient":""}},"ast-content-background-meta":{"desktop":{"background-color":"var(--ast-global-color-5)","background-image":"","background-repeat":"repeat","background-position":"center center","background-size":"auto","background-attachment":"scroll","background-type":"","background-media":"","overlay-type":"","overlay-color":"","overlay-opacity":"","overlay-gradient":""},"tablet":{"background-color":"var(--ast-global-color-5)","background-image":"","background-repeat":"repeat","background-position":"center center","background-size":"auto","background-attachment":"scroll","background-type":"","background-media":"","overlay-type":"","overlay-color":"","overlay-opacity":"","overlay-gradient":""},"mobile":{"background-color":"var(--ast-global-color-5)","background-image":"","background-repeat":"repeat","background-position":"center center","background-size":"auto","background-attachment":"scroll","background-type":"","background-media":"","overlay-type":"","overlay-color":"","overlay-opacity":"","overlay-gradient":""}},"footnotes":""},"class_list":["post-4284","page","type-page","status-publish","hentry"],"acf":[],"jetpack_sharing_enabled":true,"_links":{"self":[{"href":"https:\/\/nujetheoriehalen.nl\/tr\/wp-json\/wp\/v2\/pages\/4284","targetHints":{"allow":["GET"]}}],"collection":[{"href":"https:\/\/nujetheoriehalen.nl\/tr\/wp-json\/wp\/v2\/pages"}],"about":[{"href":"https:\/\/nujetheoriehalen.nl\/tr\/wp-json\/wp\/v2\/types\/page"}],"author":[{"embeddable":true,"href":"https:\/\/nujetheoriehalen.nl\/tr\/wp-json\/wp\/v2\/users\/5"}],"replies":[{"embeddable":true,"href":"https:\/\/nujetheoriehalen.nl\/tr\/wp-json\/wp\/v2\/comments?post=4284"}],"version-history":[{"count":3,"href":"https:\/\/nujetheoriehalen.nl\/tr\/wp-json\/wp\/v2\/pages\/4284\/revisions"}],"predecessor-version":[{"id":4287,"href":"https:\/\/nujetheoriehalen.nl\/tr\/wp-json\/wp\/v2\/pages\/4284\/revisions\/4287"}],"wp:attachment":[{"href":"https:\/\/nujetheoriehalen.nl\/tr\/wp-json\/wp\/v2\/media?parent=4284"}],"curies":[{"name":"wp","href":"https:\/\/api.w.org\/{rel}","templated":true}]}}