{"id":4292,"date":"2024-03-22T13:45:00","date_gmt":"2024-03-22T12:45:00","guid":{"rendered":"https:\/\/nujetheoriehalen.nl\/polityka-prywatnosci"},"modified":"2025-06-03T15:46:26","modified_gmt":"2025-06-03T13:46:26","slug":"polityka-prywatnosci","status":"publish","type":"page","link":"https:\/\/nujetheoriehalen.nl\/pl\/polityka-prywatnosci","title":{"rendered":"Polityka prywatno\u015bci"},"content":{"rendered":"\t\t<div data-elementor-type=\"wp-page\" data-elementor-id=\"4292\" class=\"elementor elementor-4292 elementor-3\" data-elementor-post-type=\"page\">\n\t\t\t\t<div class=\"elementor-element elementor-element-56f0c37 e-flex e-con-boxed e-con e-parent\" data-id=\"56f0c37\" data-element_type=\"container\" data-e-type=\"container\">\n\t\t\t\t\t<div class=\"e-con-inner\">\n\t\t\t\t<div class=\"elementor-element elementor-element-77f5217 elementor-widget elementor-widget-heading\" data-id=\"77f5217\" data-element_type=\"widget\" data-e-type=\"widget\" data-widget_type=\"heading.default\">\n\t\t\t\t\t<h1 class=\"elementor-heading-title elementor-size-default\">Polityka prywatno\u015bci<\/h1>\t\t\t\t<\/div>\n\t\t\t\t\t<\/div>\n\t\t\t\t<\/div>\n\t\t<div class=\"elementor-element elementor-element-1b69d62 e-flex e-con-boxed e-con e-parent\" data-id=\"1b69d62\" data-element_type=\"container\" data-e-type=\"container\">\n\t\t\t\t\t<div class=\"e-con-inner\">\n\t\t<div class=\"elementor-element elementor-element-cb9edf5 e-con-full e-flex elementor-invisible e-con e-child\" data-id=\"cb9edf5\" data-element_type=\"container\" data-e-type=\"container\" data-settings=\"{&quot;background_background&quot;:&quot;classic&quot;,&quot;animation&quot;:&quot;fadeInUp&quot;}\">\n\t\t\t\t<div class=\"elementor-element elementor-element-b4683ec elementor-widget elementor-widget-text-editor\" data-id=\"b4683ec\" data-element_type=\"widget\" data-e-type=\"widget\" data-widget_type=\"text-editor.default\">\n\t\t\t\t\t\t\t\t\t<p data-pm-slice=\"1 1 []\"><strong>Polityka prywatno\u015bci VekaBest VerkeersEducatie B.V.<\/strong><\/p>\n<p>To jest polityka prywatno\u015bci VekaBest VerkeersEducatie B.V. z siedzib\u0105 w Best. Nujetheoriehalen jest nazw\u0105 handlow\u0105 VekaBest VerkeersEducatie B.V. W niniejszej polityce prywatno\u015bci wyja\u015bniamy, w jaki spos\u00f3b post\u0119pujemy z danymi osobowymi przetwarzanymi w ramach \u015bwiadczonych przez nas us\u0142ug.<\/p>\n<p>W tej polityce informujemy, jakie dane osobowe zbieramy, dlaczego to robimy i co robimy z tymi danymi. Dla nas wa\u017cne jest, aby obchodzi\u0107 si\u0119 z Twoimi danymi ostro\u017cnie, i zapewniamy, \u017ce informacje osobiste, kt\u00f3re nam przekazujesz, s\u0105 traktowane poufnie. Przetwarzamy dane osobowe starannie i bezpiecznie w ramach realizacji naszych dzia\u0142a\u0144. Niniejsza polityka prywatno\u015bci mo\u017ce zosta\u0107 zmieniona, je\u015bli zajdzie taka potrzeba w zwi\u0105zku z nowymi wydarzeniami. Zawsze znajdziesz najbardziej aktualn\u0105 wersj\u0119. Niniejsze o\u015bwiadczenie o ochronie prywatno\u015bci, wersja 2022, zosta\u0142o ostatnio zmienione 8 sierpnia 2022 roku.<\/p>\n<p><strong>Administrator danych<\/strong><br \/>VekaBest VerkeersEducatie B.V. z siedzib\u0105 w Best, dzia\u0142aj\u0105ca pod nazw\u0105 Nujetheoriehalen, jest odpowiedzialna za przetwarzanie Twoich danych osobowych zgodnie z Og\u00f3lnym Rozporz\u0105dzeniem o Ochronie Danych Osobowych (RODO).<\/p>\n<p>Korzystaj\u0105c z naszych us\u0142ug, zgadzasz si\u0119 z niniejsz\u0105 polityk\u0105 prywatno\u015bci. Akceptuj\u0105c niniejsz\u0105 polityk\u0119, wyra\u017casz zgod\u0119 na przetwarzanie Twoich danych osobowych w spos\u00f3b okre\u015blony w tym o\u015bwiadczeniu.<\/p>\n<p><strong>Zbieranie i wykorzystanie danych (osobowych)<\/strong><\/p>\n<p>Przetwarzamy dane osobowe, aby umo\u017cliwi\u0107 Ci nauk\u0119 online w ramach trening\u00f3w egzaminacyjnych, szkole\u0144 uzupe\u0142niaj\u0105cych i e-learningu. Przetwarzamy r\u00f3wnie\u017c dane w celu realizacji zam\u00f3wie\u0144 i dostaw.<\/p>\n<p>Przetwarzamy nast\u0119puj\u0105ce dane:<\/p>\n<ol data-spread=\"false\">\n<li>Imi\u0119 i nazwisko, data urodzenia, adres, numer telefonu i adres e-mail, dane p\u0142atnicze.<\/li>\n<li>Nazwa u\u017cytkownika, has\u0142o i adres e-mail do rejestracji.<\/li>\n<li>Dane dotycz\u0105ce korzystania ze strony internetowej poprzez u\u017cycie plik\u00f3w Cookies oraz Google Analytics.<\/li>\n<\/ol>\n<p><strong>Cele przetwarzania danych<\/strong><\/p>\n<ol data-spread=\"false\">\n<li>Mo\u017cliwo\u015b\u0107 logowania si\u0119 i korzystania ze \u015brodowiska edukacyjnego.<\/li>\n<li>Mo\u017cliwo\u015b\u0107 sk\u0142adania zam\u00f3wie\u0144 w naszym sklepie internetowym, dokonywania p\u0142atno\u015bci i dostarczania produkt\u00f3w na wskazany adres.<\/li>\n<li>Mo\u017cliwo\u015b\u0107 kontaktu z Tob\u0105 i odpowiadania na pytania.<\/li>\n<li>Mo\u017cliwo\u015b\u0107 \u015bledzenia zam\u00f3wienia, odpowiadania na pytania dotycz\u0105ce zam\u00f3wienia, przyjmowania zwrot\u00f3w i przetwarzania zwrot\u00f3w.<\/li>\n<li>Przetwarzanie w naszej bazie klient\u00f3w i administracji w celu fakturowania, obs\u0142ugi zapyta\u0144 i reklamacji, realizacji us\u0142ug.<\/li>\n<li>Umo\u017cliwienie technicznej realizacji us\u0142ug.<\/li>\n<li>Realizacja zawartej z Tob\u0105 umowy.<\/li>\n<li>Rozw\u00f3j i ulepszanie naszych us\u0142ug.<\/li>\n<li>Monitorowanie danych statystycznych, takich jak ca\u0142kowita liczba odwiedzaj\u0105cych, zachowania u\u017cytkownik\u00f3w i wzorce demograficzne, aby dostosowa\u0107 nasze us\u0142ugi do potrzeb klient\u00f3w.<\/li>\n<li>Diagnozowanie lub rozwi\u0105zywanie problem\u00f3w technicznych.<\/li>\n<li>Zapewnienie bezpiecze\u0144stwa naszej strony internetowej i us\u0142ug, a tak\u017ce zapobieganie oszustwom i nadu\u017cyciom.<\/li>\n<li>Nasze serwery automatycznie rejestruj\u0105 pewne dane z plik\u00f3w log\u00f3w, w tym Twoje odwiedziny strony, adres IP, typ przegl\u0105darki, strony wej\u015bcia i wyj\u015bcia, liczb\u0119 klikni\u0119\u0107, strony docelowe, przegl\u0105dane strony itp.<\/li>\n<li>Do cel\u00f3w archiwalnych.<\/li>\n<li>Wysy\u0142anie wiadomo\u015bci o weryfikacji konta, zmianach, zam\u00f3wieniach lub nowych funkcjach strony.<\/li>\n<li>Mo\u017cliwo\u015b\u0107 zapisania si\u0119 na newsletter lub badanie rynku. W ka\u017cdej wiadomo\u015bci z newsletterem mo\u017cesz si\u0119 wypisa\u0107. W przypadku bada\u0144 rynku zostanie wyja\u015bnione, w jakim celu wykorzystywane s\u0105 Twoje dane.<\/li>\n<\/ol>\n<p><strong>Podstawy prawne<\/strong><\/p>\n<p>Podstawami prawnymi przetwarzania danych osobowych s\u0105:<\/p>\n<ol data-spread=\"false\">\n<li>Twoja zgoda,<\/li>\n<li>Wykonanie umowy,<\/li>\n<li>Obowi\u0105zek prawny.<\/li>\n<\/ol>\n<p>Otrzymujemy dane osobowe bezpo\u015brednio od Ciebie. Mo\u017cliwe jest r\u00f3wnie\u017c, \u017ce otrzymamy dane osobowe od stron trzecich. Oczekujemy od tych stron, \u017ce przetwarzaj\u0105 dane na podstawie odpowiednich podstaw prawnych i przekazuj\u0105 je nam zgodnie z przepisami.<\/p>\n<p><strong>Strony trzecie<\/strong><\/p>\n<p>Nie sprzedajemy ani nie wynajmujemy danych osobowych osobom trzecim bez Twojej zgody.<\/p>\n<p>W procesie przetwarzania danych mo\u017cemy korzysta\u0107 z us\u0142ug stron trzecich (np. dostawc\u00f3w us\u0142ug). Z tymi stronami zawarli\u015bmy umowy dotycz\u0105ce przetwarzania danych osobowych i\/lub posiadaj\u0105 one w\u0142asne warunki prywatno\u015bci, np. przewo\u017anik dostarczaj\u0105cy zam\u00f3wione produkty. Udost\u0119pniamy dane osobowe stronom trzecim tylko wtedy, gdy jest to wymagane przepisami prawa, gdy wyrazi\u0142e\u015b na to zgod\u0119 lub gdy jest to niezb\u0119dne w zwi\u0105zku ze \u015bwiadczeniem us\u0142ug.<\/p>\n<p><strong>Prywatno\u015b\u0107 dzieci<\/strong><\/p>\n<p>Dzieci poni\u017cej 16 roku \u017cycia musz\u0105 mie\u0107 zgod\u0119 rodzica lub opiekuna prawnego.<\/p>\n<p>Bez zgody dziecko poni\u017cej 16 roku \u017cycia nie mo\u017ce korzysta\u0107 z naszych us\u0142ug.<\/p>\n<p>Rodzic(e) lub prawny opiekun dziecka poni\u017cej 16 roku \u017cycia powinien przeczyta\u0107 niniejsz\u0105 polityk\u0119 prywatno\u015bci i w imieniu dziecka skorzysta\u0107 z jego praw.<\/p>\n<p>Je\u015bli dowiemy si\u0119, \u017ce dziecko poni\u017cej 16 roku \u017cycia korzysta z naszej strony bez zgody, niezw\u0142ocznie usuniemy dane osobowe. Podczas zak\u0142adania konta nale\u017cy poda\u0107 dat\u0119 urodzenia. Je\u015bli data ta wskazuje, \u017ce u\u017cytkownik nie ma wymaganych lat, wy\u015bwietlony zostanie komunikat z pro\u015bb\u0105 o wyra\u017cenie zgody przez rodzica lub opiekuna.<\/p>\n<p><strong>Bezpiecze\u0144stwo<\/strong><\/p>\n<p>Stosujemy odpowiednie \u015brodki techniczne i organizacyjne w celu ochrony danych osobowych przed utrat\u0105 lub nieuprawnionym przetwarzaniem. \u015arodki te s\u0105 odpowiednie, bior\u0105c pod uwag\u0119 aktualny stan techniki i koszty wdro\u017cenia, zapewniaj\u0105c odpowiedni poziom bezpiecze\u0144stwa, uwzgl\u0119dniaj\u0105c ryzyko zwi\u0105zane z przetwarzaniem i charakter chronionych danych. \u015arodki te maj\u0105 r\u00f3wnie\u017c na celu zapobieganie niepotrzebnemu gromadzeniu i dalszemu przetwarzaniu danych osobowych. Sam jeste\u015b odpowiedzialny za zachowanie poufno\u015bci swojej nazwy u\u017cytkownika i has\u0142a.<\/p>\n<p><strong>Pliki cookies<\/strong><\/p>\n<p>Korzystamy z plik\u00f3w cookies. Cookie to ma\u0142y plik tekstowy wysy\u0142any wraz ze stronami tej witryny i przechowywany przez Twoj\u0105 przegl\u0105dark\u0119 na dysku twardym Twojego komputera. U\u017cywamy plik\u00f3w cookies, aby zapami\u0119tywa\u0107 Twoje ustawienia i preferencje. Mo\u017cesz wy\u0142\u0105czy\u0107 cookies w ustawieniach swojej przegl\u0105darki. Dane te nie mog\u0105 by\u0107 wykorzystane do identyfikacji konkretnych os\u00f3b odwiedzaj\u0105cych stron\u0119.<\/p>\n<p><strong>Google Analytics<\/strong><\/p>\n<p>Dzi\u0119ki Google Analytics mamy wgl\u0105d w zachowania odwiedzaj\u0105cych. Dane te, w tym Tw\u00f3j adres IP, s\u0105 przechowywane na serwerach Google w USA. Wi\u0119cej informacji znajdziesz w polityce prywatno\u015bci Google. Dane te nie pozwalaj\u0105 nam na identyfikacj\u0119 konkretnych os\u00f3b odwiedzaj\u0105cych.<\/p>\n<p><strong>Przechowywanie danych<\/strong><\/p>\n<p>Nie przechowujemy danych d\u0142u\u017cej, ni\u017c jest to absolutnie konieczne do realizacji powy\u017cszych cel\u00f3w.<\/p>\n<p><strong>Prawa osoby, kt\u00f3rej dane dotycz\u0105<\/strong><\/p>\n<p>Na \u017c\u0105danie mo\u017cesz uzyska\u0107 wgl\u0105d w dane osobowe, kt\u00f3re przetwarzamy. Je\u017celi dane s\u0105 nieprawid\u0142owe, mo\u017cesz za\u017c\u0105da\u0107 ich poprawienia. Mo\u017cesz r\u00f3wnie\u017c wycofa\u0107 swoj\u0105 zgod\u0119. Takie \u017c\u0105dania realizowane s\u0105 mo\u017cliwie jak najszybciej, nie p\u00f3\u017aniej ni\u017c w ci\u0105gu 30 dni.<\/p>\n<p>Mo\u017cesz r\u00f3wnie\u017c zg\u0142osi\u0107 sprzeciw wobec wykorzystania Twoich danych osobowych, je\u015bli s\u0105 one u\u017cywane do cel\u00f3w innych ni\u017c opisane w tej polityce.<\/p>\n<p>Wnioski o wgl\u0105d, korekt\u0119, usuni\u0119cie danych lub sprzeciw nale\u017cy kierowa\u0107 do:<br \/>VekaBest VerkeersEducatie B.V.<br \/>do r\u0105k Customer Support<br \/>De Dieze 22<br \/>5684 PT Best<br \/>lub e-mailem do Customer Support na adres: <a>info@nujetheoriehalen.nl<\/a><\/p>\n<p><strong>Masz pytania dotycz\u0105ce ochrony danych osobowych?<\/strong><br \/>Skontaktuj si\u0119 z nami telefonicznie pod numerem 040 &#8211; 2140080 lub mailowo na adres: <a>info@nujetheoriehalen.nl<\/a>.<\/p>\n\t\t\t\t\t\t\t\t<\/div>\n\t\t\t\t<\/div>\n\t\t\t\t\t<\/div>\n\t\t\t\t<\/div>\n\t\t\t\t<\/div>\n\t\t","protected":false},"excerpt":{"rendered":"<p>Polityka prywatno\u015bci VekaBest VerkeersEducatie B.V. To jest polityka prywatno\u015bci VekaBest VerkeersEducatie B.V. z siedzib\u0105 w Best. Nujetheoriehalen jest nazw\u0105 handlow\u0105 [&hellip;]<\/p>\n","protected":false},"author":1,"featured_media":0,"parent":0,"menu_order":0,"comment_status":"closed","ping_status":"open","template":"","meta":{"_acf_changed":false,"site-sidebar-layout":"no-sidebar","site-content-layout":"","ast-site-content-layout":"full-width-container","site-content-style":"default","site-sidebar-style":"default","ast-global-header-display":"","ast-banner-title-visibility":"","ast-main-header-display":"","ast-hfb-above-header-display":"","ast-hfb-below-header-display":"","ast-hfb-mobile-header-display":"","site-post-title":"disabled","ast-breadcrumbs-content":"","ast-featured-img":"disabled","footer-sml-layout":"","ast-disable-related-posts":"","theme-transparent-header-meta":"","adv-header-id-meta":"","stick-header-meta":"","header-above-stick-meta":"","header-main-stick-meta":"","header-below-stick-meta":"","astra-migrate-meta-layouts":"default","ast-page-background-enabled":"default","ast-page-background-meta":{"desktop":{"background-color":"var(--ast-global-color-4)","background-image":"","background-repeat":"repeat","background-position":"center center","background-size":"auto","background-attachment":"scroll","background-type":"","background-media":"","overlay-type":"","overlay-color":"","overlay-opacity":"","overlay-gradient":""},"tablet":{"background-color":"","background-image":"","background-repeat":"repeat","background-position":"center center","background-size":"auto","background-attachment":"scroll","background-type":"","background-media":"","overlay-type":"","overlay-color":"","overlay-opacity":"","overlay-gradient":""},"mobile":{"background-color":"","background-image":"","background-repeat":"repeat","background-position":"center center","background-size":"auto","background-attachment":"scroll","background-type":"","background-media":"","overlay-type":"","overlay-color":"","overlay-opacity":"","overlay-gradient":""}},"ast-content-background-meta":{"desktop":{"background-color":"var(--ast-global-color-5)","background-image":"","background-repeat":"repeat","background-position":"center center","background-size":"auto","background-attachment":"scroll","background-type":"","background-media":"","overlay-type":"","overlay-color":"","overlay-opacity":"","overlay-gradient":""},"tablet":{"background-color":"var(--ast-global-color-5)","background-image":"","background-repeat":"repeat","background-position":"center center","background-size":"auto","background-attachment":"scroll","background-type":"","background-media":"","overlay-type":"","overlay-color":"","overlay-opacity":"","overlay-gradient":""},"mobile":{"background-color":"var(--ast-global-color-5)","background-image":"","background-repeat":"repeat","background-position":"center center","background-size":"auto","background-attachment":"scroll","background-type":"","background-media":"","overlay-type":"","overlay-color":"","overlay-opacity":"","overlay-gradient":""}},"footnotes":""},"class_list":["post-4292","page","type-page","status-publish","hentry"],"acf":[],"jetpack_sharing_enabled":true,"_links":{"self":[{"href":"https:\/\/nujetheoriehalen.nl\/pl\/wp-json\/wp\/v2\/pages\/4292","targetHints":{"allow":["GET"]}}],"collection":[{"href":"https:\/\/nujetheoriehalen.nl\/pl\/wp-json\/wp\/v2\/pages"}],"about":[{"href":"https:\/\/nujetheoriehalen.nl\/pl\/wp-json\/wp\/v2\/types\/page"}],"author":[{"embeddable":true,"href":"https:\/\/nujetheoriehalen.nl\/pl\/wp-json\/wp\/v2\/users\/1"}],"replies":[{"embeddable":true,"href":"https:\/\/nujetheoriehalen.nl\/pl\/wp-json\/wp\/v2\/comments?post=4292"}],"version-history":[{"count":3,"href":"https:\/\/nujetheoriehalen.nl\/pl\/wp-json\/wp\/v2\/pages\/4292\/revisions"}],"predecessor-version":[{"id":4297,"href":"https:\/\/nujetheoriehalen.nl\/pl\/wp-json\/wp\/v2\/pages\/4292\/revisions\/4297"}],"wp:attachment":[{"href":"https:\/\/nujetheoriehalen.nl\/pl\/wp-json\/wp\/v2\/media?parent=4292"}],"curies":[{"name":"wp","href":"https:\/\/api.w.org\/{rel}","templated":true}]}}