{"id":4282,"date":"2025-04-07T15:40:54","date_gmt":"2025-04-07T13:40:54","guid":{"rendered":"https:\/\/nujetheoriehalen.nl\/polityka-plikow-cookie"},"modified":"2025-06-03T15:42:40","modified_gmt":"2025-06-03T13:42:40","slug":"polityka-plikow-cookie","status":"publish","type":"page","link":"https:\/\/nujetheoriehalen.nl\/pl\/polityka-plikow-cookie","title":{"rendered":"Polityka plik\u00f3w cookie"},"content":{"rendered":"\t\t<div data-elementor-type=\"wp-page\" data-elementor-id=\"4282\" class=\"elementor elementor-4282 elementor-1581\" data-elementor-post-type=\"page\">\n\t\t\t\t<div class=\"elementor-element elementor-element-bbf9736 e-flex e-con-boxed e-con e-parent\" data-id=\"bbf9736\" data-element_type=\"container\" data-e-type=\"container\">\n\t\t\t\t\t<div class=\"e-con-inner\">\n\t\t\t\t<div class=\"elementor-element elementor-element-ad82f27 elementor-widget elementor-widget-heading\" data-id=\"ad82f27\" data-element_type=\"widget\" data-e-type=\"widget\" data-widget_type=\"heading.default\">\n\t\t\t\t\t<h1 class=\"elementor-heading-title elementor-size-default\">Polityka plik\u00f3w cookie<\/h1>\t\t\t\t<\/div>\n\t\t\t\t\t<\/div>\n\t\t\t\t<\/div>\n\t\t<div class=\"elementor-element elementor-element-3406e97 e-flex e-con-boxed e-con e-parent\" data-id=\"3406e97\" data-element_type=\"container\" data-e-type=\"container\">\n\t\t\t\t\t<div class=\"e-con-inner\">\n\t\t<div class=\"elementor-element elementor-element-cf41e5b e-con-full e-flex elementor-invisible e-con e-child\" data-id=\"cf41e5b\" data-element_type=\"container\" data-e-type=\"container\" data-settings=\"{&quot;background_background&quot;:&quot;classic&quot;,&quot;animation&quot;:&quot;fadeInUp&quot;}\">\n\t\t\t\t<div class=\"elementor-element elementor-element-30c8c39 elementor-widget elementor-widget-text-editor\" data-id=\"30c8c39\" data-element_type=\"widget\" data-e-type=\"widget\" data-widget_type=\"text-editor.default\">\n\t\t\t\t\t\t\t\t\t<p>Ta witryna wykorzystuje pliki cookie w celu poprawy komfortu u\u017cytkowania, analizy korzystania z witryny i wspierania naszych dzia\u0142a\u0144 marketingowych.<\/p>\n<p><strong>Czym s\u0105 pliki cookie?<\/strong><\/p>\n<p>Pliki cookie to ma\u0142e pliki tekstowe, kt\u00f3re s\u0105 umieszczane na urz\u0105dzeniu u\u017cytkownika podczas odwiedzania witryn internetowych. S\u0105 one powszechnie stosowane w celu usprawnienia dzia\u0142ania witryn internetowych, a tak\u017ce w celu dostarczania informacji w\u0142a\u015bcicielom witryn.<\/p>\n<p><strong>Jakich plik\u00f3w cookie u\u017cywamy?<\/strong><\/p>\n<p>U\u017cywamy r\u00f3\u017cnych rodzaj\u00f3w plik\u00f3w cookie:<\/p>\n<ul>\n<li><strong>Niezb\u0119dne pliki cookie<\/strong> &#8211; S\u0105 one niezb\u0119dne do funkcjonowania strony internetowej.<\/li>\n<li><strong>Preferencyjne pliki cookie<\/strong> &#8211; zapami\u0119tuj\u0105 wybory u\u017cytkownika, takie jak ustawienia j\u0119zyka.<\/li>\n<li><strong>Statystyczne pliki cookie<\/strong> &#8211; pomagaj\u0105 nam zrozumie\u0107, w jaki spos\u00f3b u\u017cytkownicy korzystaj\u0105 z witryny.<\/li>\n<li><strong>Marketingowe pliki cookie<\/strong> &#8211; s\u0142u\u017c\u0105 do \u015bledzenia odwiedzaj\u0105cych i wy\u015bwietlania odpowiednich reklam.<\/li>\n<\/ul>\n<p><strong>Zarz\u0105dzanie zgod\u0105<\/strong><\/p>\n<p>Podczas pierwszej wizyty na naszej stronie u\u017cytkownik zostanie poproszony o ustawienie preferencji dotycz\u0105cych korzystania z plik\u00f3w cookie. Zgod\u0119 mo\u017cna zmieni\u0107 lub wycofa\u0107 w dowolnym momencie za pomoc\u0105 poni\u017cszego przycisku:<\/p>\n<p><strong>Wi\u0119cej informacji<\/strong><\/p>\n<p>Wi\u0119cej informacji na temat tego, kim jeste\u015bmy, jak si\u0119 z nami skontaktowa\u0107 i jak przetwarzamy dane osobowe, mo\u017cna znale\u017a\u0107 w naszej polityce prywatno\u015bci.<\/p>\n\t\t\t\t\t\t\t\t<\/div>\n\t\t\t\t<\/div>\n\t\t\t\t\t<\/div>\n\t\t\t\t<\/div>\n\t\t\t\t<\/div>\n\t\t","protected":false},"excerpt":{"rendered":"<p>Ta witryna wykorzystuje pliki cookie w celu poprawy komfortu u\u017cytkowania, analizy korzystania z witryny i wspierania naszych dzia\u0142a\u0144 marketingowych. Czym [&hellip;]<\/p>\n","protected":false},"author":5,"featured_media":0,"parent":0,"menu_order":0,"comment_status":"closed","ping_status":"closed","template":"","meta":{"_acf_changed":false,"site-sidebar-layout":"no-sidebar","site-content-layout":"","ast-site-content-layout":"full-width-container","site-content-style":"default","site-sidebar-style":"default","ast-global-header-display":"","ast-banner-title-visibility":"","ast-main-header-display":"","ast-hfb-above-header-display":"","ast-hfb-below-header-display":"","ast-hfb-mobile-header-display":"","site-post-title":"disabled","ast-breadcrumbs-content":"","ast-featured-img":"disabled","footer-sml-layout":"","ast-disable-related-posts":"","theme-transparent-header-meta":"","adv-header-id-meta":"","stick-header-meta":"","header-above-stick-meta":"","header-main-stick-meta":"","header-below-stick-meta":"","astra-migrate-meta-layouts":"default","ast-page-background-enabled":"default","ast-page-background-meta":{"desktop":{"background-color":"var(--ast-global-color-4)","background-image":"","background-repeat":"repeat","background-position":"center center","background-size":"auto","background-attachment":"scroll","background-type":"","background-media":"","overlay-type":"","overlay-color":"","overlay-opacity":"","overlay-gradient":""},"tablet":{"background-color":"","background-image":"","background-repeat":"repeat","background-position":"center center","background-size":"auto","background-attachment":"scroll","background-type":"","background-media":"","overlay-type":"","overlay-color":"","overlay-opacity":"","overlay-gradient":""},"mobile":{"background-color":"","background-image":"","background-repeat":"repeat","background-position":"center center","background-size":"auto","background-attachment":"scroll","background-type":"","background-media":"","overlay-type":"","overlay-color":"","overlay-opacity":"","overlay-gradient":""}},"ast-content-background-meta":{"desktop":{"background-color":"var(--ast-global-color-5)","background-image":"","background-repeat":"repeat","background-position":"center center","background-size":"auto","background-attachment":"scroll","background-type":"","background-media":"","overlay-type":"","overlay-color":"","overlay-opacity":"","overlay-gradient":""},"tablet":{"background-color":"var(--ast-global-color-5)","background-image":"","background-repeat":"repeat","background-position":"center center","background-size":"auto","background-attachment":"scroll","background-type":"","background-media":"","overlay-type":"","overlay-color":"","overlay-opacity":"","overlay-gradient":""},"mobile":{"background-color":"var(--ast-global-color-5)","background-image":"","background-repeat":"repeat","background-position":"center center","background-size":"auto","background-attachment":"scroll","background-type":"","background-media":"","overlay-type":"","overlay-color":"","overlay-opacity":"","overlay-gradient":""}},"footnotes":""},"class_list":["post-4282","page","type-page","status-publish","hentry"],"acf":[],"jetpack_sharing_enabled":true,"_links":{"self":[{"href":"https:\/\/nujetheoriehalen.nl\/pl\/wp-json\/wp\/v2\/pages\/4282","targetHints":{"allow":["GET"]}}],"collection":[{"href":"https:\/\/nujetheoriehalen.nl\/pl\/wp-json\/wp\/v2\/pages"}],"about":[{"href":"https:\/\/nujetheoriehalen.nl\/pl\/wp-json\/wp\/v2\/types\/page"}],"author":[{"embeddable":true,"href":"https:\/\/nujetheoriehalen.nl\/pl\/wp-json\/wp\/v2\/users\/5"}],"replies":[{"embeddable":true,"href":"https:\/\/nujetheoriehalen.nl\/pl\/wp-json\/wp\/v2\/comments?post=4282"}],"version-history":[{"count":1,"href":"https:\/\/nujetheoriehalen.nl\/pl\/wp-json\/wp\/v2\/pages\/4282\/revisions"}],"predecessor-version":[{"id":4283,"href":"https:\/\/nujetheoriehalen.nl\/pl\/wp-json\/wp\/v2\/pages\/4282\/revisions\/4283"}],"wp:attachment":[{"href":"https:\/\/nujetheoriehalen.nl\/pl\/wp-json\/wp\/v2\/media?parent=4282"}],"curies":[{"name":"wp","href":"https:\/\/api.w.org\/{rel}","templated":true}]}}